{"id":23,"date":"2025-09-30T10:42:39","date_gmt":"2025-09-30T13:42:39","guid":{"rendered":"http:\/\/educate.poa.ifrs.edu.br\/?page_id=23"},"modified":"2025-09-30T11:16:40","modified_gmt":"2025-09-30T14:16:40","slug":"atividades","status":"publish","type":"page","link":"http:\/\/educate.poa.ifrs.edu.br\/index.php\/atividades\/","title":{"rendered":"Atividades"},"content":{"rendered":"\n<div class=\"wp-block-group alignfull is-layout-flow wp-block-group-is-layout-flow\">\n<div class=\"wp-block-group alignfull has-global-padding is-layout-constrained wp-block-group-is-layout-constrained\" style=\"padding-top:var(--wp--preset--spacing--50);padding-bottom:var(--wp--preset--spacing--50)\">\n<p>Este espa\u00e7o \u00e9 dedicado a transformar a teoria em pr\u00e1tica por meio de projetos de rob\u00f3tica educacional que engajam, inspiram e desenvolvem habilidades essenciais para o s\u00e9culo XXI. <\/p>\n\n\n\n<p>Sabemos que a jornada para integrar tecnologias em sala de aula possui diferentes caminhos e desafios. Por isso, cada atividade foi cuidadosamente estruturada em duas abordagens complementares, pensando nas diversas necessidades de forma\u00e7\u00e3o e atua\u00e7\u00e3o dos nossos usu\u00e1rios. Assim como, o planejamento de uma aula com tecnologia pode partir de diferentes pontos. \u00c0s vezes, a inspira\u00e7\u00e3o vem de uma compet\u00eancia curricular que queremos desenvolver; outras vezes, de uma ferramenta tecnol\u00f3gica que queremos explorar.<\/p>\n\n\n\n<p>Pensando nisso, organizamos todas as atividades do portal de duas maneiras, para que voc\u00ea encontre o que precisa da forma que fizer mais sentido para o seu plano de aula. Os projetos s\u00e3o exatamente os mesmos, apenas o acesso a eles muda:<\/p>\n\n\n\n<ul class=\"wp-block-list\">\n<li><strong>Navega\u00e7\u00e3o por tecnologias:<\/strong> Perfeito para quem j\u00e1 tem em mente o recurso que quer utilizar. Nesta se\u00e7\u00e3o, as atividades est\u00e3o agrupadas pela <strong>tecnologia principal<\/strong> (como SmartMotors, Arduino, etc.), facilitando a busca para quem tem um perfil mais t\u00e9cnico ou deseja explorar o potencial de um kit espec\u00edfico.<\/li>\n<\/ul>\n\n\n\n<ul class=\"wp-block-list\">\n<li><strong>Navega\u00e7\u00e3o por compet\u00eancias:<\/strong> Ideal para quem parte do planejamento pedag\u00f3gico. Aqui, voc\u00ea pode filtrar as atividades por <strong>ano curricular<\/strong> e <strong>\u00e1rea do conhecimento<\/strong>, encontrando projetos que se conectam diretamente \u00e0s habilidades e compet\u00eancias da BNCC que voc\u00ea precisa trabalhar. \u00c9 o caminho perfeito para educadores com forma\u00e7\u00e3o em pedagogia e licenciaturas.<\/li>\n<\/ul>\n\n\n\n<p>A seguir, no reposit\u00f3rio de atividades, voc\u00ea notar\u00e1 que cada uma tamb\u00e9m \u00e9 dividida em dois roteiros detalhados. Essa estrutura foi pensada para apoiar as diferentes necessidades de forma\u00e7\u00e3o, oferecendo o suporte exato que voc\u00ea precisa.<\/p>\n\n\n\n<p><strong>Material dos Professores (Foco T\u00e9cnico):<\/strong> Este roteiro \u00e9 ideal para quem deseja aprofundar-se nos aspectos t\u00e9cnicos e dominar o funcionamento de cada componente. Ele cont\u00e9m:<\/p>\n\n\n\n<ul class=\"wp-block-list\">\n<li><strong>Essencial:<\/strong> Objetivo da atividade, Materiais Necess\u00e1rios e as Habilidades e Compet\u00eancias da BNCC relacionadas.<\/li>\n\n\n\n<li><strong>M\u00e3o na Massa:<\/strong> Um passo a passo claro para o <strong>Desenvolvimento<\/strong> do projeto, o <strong>Princ\u00edpio L\u00f3gico<\/strong> por tr\u00e1s dele, e as sugest\u00f5es de <strong>Programa\u00e7\u00e3o<\/strong> (em c\u00f3digo e em blocos) com o <strong>Esquem\u00e1tico Eletr\u00f4nico<\/strong> detalhado.<\/li>\n\n\n\n<li><strong>Aprofundamento T\u00e9cnico:<\/strong> A se\u00e7\u00e3o de <strong>Conceitos Te\u00f3ricos<\/strong> explica a eletr\u00f4nica e a programa\u00e7\u00e3o envolvidas. Al\u00e9m disso, oferecemos um guia de <strong>Solu\u00e7\u00e3o de Problemas<\/strong> para ajudar com os desafios mais comuns.<\/li>\n\n\n\n<li><strong>Aplica\u00e7\u00e3o Pedag\u00f3gica:<\/strong> Inclui sugest\u00f5es de <strong>Avalia\u00e7\u00e3o<\/strong>, um <strong>Desafio Extra<\/strong> para os alunos, <strong>Material de Apoio<\/strong> e ideias de como expandir o projeto em diferentes contextos escolares.<\/li>\n<\/ul>\n\n\n\n<p><strong>Material dos Educadores (Foco Pedag\u00f3gico):<\/strong> Este roteiro \u00e9 voltado para quem busca focar na aplica\u00e7\u00e3o em sala de aula, na did\u00e1tica e na conex\u00e3o com os alunos. Ele oferece:<\/p>\n\n\n\n<ul class=\"wp-block-list\">\n<li><strong>Essencial:<\/strong> Objetivo da atividade, Materiais Necess\u00e1rios e as Habilidades e Compet\u00eancias da BNCC relacionadas.<\/li>\n\n\n\n<li><strong>M\u00e3o na Massa:<\/strong> Tamb\u00e9m inclui o passo a passo para o <strong>Desenvolvimento<\/strong>, o <strong>Princ\u00edpio L\u00f3gico<\/strong>, as sugest\u00f5es de <strong>Programa\u00e7\u00e3o<\/strong> e o <strong>Esquema Eletr\u00f4nico<\/strong> para a montagem.<\/li>\n\n\n\n<li><strong>Aprofundamento Pedag\u00f3gico:<\/strong> O diferencial est\u00e1 nas <strong>Dicas Pedag\u00f3gicas<\/strong>, com sugest\u00f5es pr\u00e1ticas para adaptar a atividade aos diferentes n\u00edveis de aprendizado, promover a colabora\u00e7\u00e3o e engajar a turma.<\/li>\n\n\n\n<li><strong>Aplica\u00e7\u00e3o Pedag\u00f3gica:<\/strong> Assim como o roteiro t\u00e9cnico, inclui propostas de <strong>Avalia\u00e7\u00e3o<\/strong>, um <strong>Desafio Extra<\/strong>, <strong>Material de Apoio<\/strong> e diversas possibilidades de aplica\u00e7\u00e3o no contexto escolar.<\/li>\n<\/ul>\n\n\n\n<p>Esperamos que essa estrutura flex\u00edvel e pensada para voc\u00ea facilite seu planejamento e o inspire a realizar projetos incr\u00edveis com seus alunos. Explore as atividades abaixo e descubra um mundo de possibilidades para a aprendizagem criativa.<\/p>\n<\/div>\n<\/div>\n\n\n\n<div class=\"wp-block-group alignfull has-global-padding is-layout-constrained wp-block-group-is-layout-constrained\" style=\"margin-top:0;margin-bottom:0\">\n<div style=\"height:var(--wp--preset--spacing--30)\" aria-hidden=\"true\" class=\"wp-block-spacer\"><\/div>\n<\/div>\n\n\n\n<div class=\"wp-block-group alignfull has-global-padding is-layout-constrained wp-block-group-is-layout-constrained\" style=\"margin-top:0;margin-bottom:0\"><\/div>\n\n\n\n<div class=\"wp-block-group alignfull has-global-padding is-layout-constrained wp-block-group-is-layout-constrained\" style=\"margin-top:0;margin-bottom:0\">\n<div class=\"wp-block-group alignwide has-global-padding is-layout-constrained wp-block-group-is-layout-constrained\">\n<div class=\"wp-block-group alignwide is-layout-flow wp-block-group-is-layout-flow\">\n<div class=\"wp-block-columns is-layout-flex wp-container-core-columns-is-layout-28f84493 wp-block-columns-is-layout-flex\">\n<div class=\"wp-block-column is-layout-flow wp-block-column-is-layout-flow\">\n<h2 class=\"wp-block-heading\"><strong>Material dos Professores (foco t\u00e9cnico)<\/strong><\/h2>\n\n\n\n<ul class=\"wp-block-list\">\n<li><strong>Conceitos Fundamentais e Sa\u00eddas Simples<\/strong>\n<ul class=\"wp-block-list\">\n<li><a href=\"http:\/\/educate.poa.ifrs.edu.br\/index.php\/blink-pisca-pisca-a\/\" data-type=\"page\" data-id=\"26\">Blink, o LED Pisca-Pisca (A)<\/a><\/li>\n\n\n\n<li><a href=\"http:\/\/educate.poa.ifrs.edu.br\/?page_id=52\" data-type=\"page\" data-id=\"52\">C\u00f3digo Morse (A)<\/a><\/li>\n\n\n\n<li><a href=\"http:\/\/educate.poa.ifrs.edu.br\/?page_id=68\" data-type=\"page\" data-id=\"68\">Piano Eletr\u00f4nico (A)<\/a><\/li>\n<\/ul>\n<\/li>\n\n\n\n<li><strong>Controle de Movimento<\/strong>\n<ul class=\"wp-block-list\">\n<li><a href=\"http:\/\/educate.poa.ifrs.edu.br\/index.php\/lancador-com-servo-motor-b\/\" data-type=\"page\" data-id=\"32\">Alavanca com<\/a> Servo Motor (A)<\/li>\n\n\n\n<li><a href=\"http:\/\/educate.poa.ifrs.edu.br\/?page_id=63\" data-type=\"page\" data-id=\"63\">Port\u00e3o com Controle (A)<\/a><\/li>\n\n\n\n<li><a href=\"http:\/\/educate.poa.ifrs.edu.br\/?page_id=72\" data-type=\"page\" data-id=\"72\">Servo Motor e Potenci\u00f4metro (A)<\/a><\/li>\n<\/ul>\n<\/li>\n\n\n\n<li><strong>Sensores e Automa\u00e7\u00e3o<\/strong>\n<ul class=\"wp-block-list\">\n<li><a href=\"http:\/\/educate.poa.ifrs.edu.br\/?page_id=57\" data-type=\"page\" data-id=\"57\">Janela Autom\u00e1tica (A)<\/a><\/li>\n\n\n\n<li><a href=\"http:\/\/educate.poa.ifrs.edu.br\/?page_id=45\" data-type=\"page\" data-id=\"45\">Carro Solar (A)<\/a><\/li>\n<\/ul>\n<\/li>\n\n\n\n<li><strong>Projetos Integrados<\/strong>\n<ul class=\"wp-block-list\">\n<li><a href=\"http:\/\/educate.poa.ifrs.edu.br\/?page_id=35\" data-type=\"page\" data-id=\"35\">Lan\u00e7ador de Avi\u00f5es (A)<\/a><\/li>\n\n\n\n<li><a href=\"http:\/\/educate.poa.ifrs.edu.br\/?page_id=41\" data-type=\"page\" data-id=\"41\">Casa Automatizada (A)<\/a><\/li>\n<\/ul>\n<\/li>\n<\/ul>\n<\/div>\n\n\n\n<div class=\"wp-block-column is-layout-flow wp-block-column-is-layout-flow\">\n<h2 class=\"wp-block-heading\"><strong>Material dos Educadores (foco pedag\u00f3gico)<\/strong><\/h2>\n\n\n\n<ul class=\"wp-block-list\">\n<li><strong>Introdu\u00e7\u00e3o \u00e0 Rob\u00f3tica e Programa\u00e7\u00e3o<\/strong>\n<ul class=\"wp-block-list\">\n<li><a href=\"http:\/\/educate.poa.ifrs.edu.br\/index.php\/blink-o-led-pisca-pisca-b\/\" data-type=\"page\" data-id=\"25\">Blink, Pisca-Pisca (B)<\/a><\/li>\n\n\n\n<li><a href=\"http:\/\/educate.poa.ifrs.edu.br\/?page_id=73\" data-type=\"page\" data-id=\"73\">Servo Motor e Potenci\u00f4metro (B)<\/a><\/li>\n<\/ul>\n<\/li>\n\n\n\n<li><strong>F\u00edsica e Mec\u00e2nica Aplicada<\/strong>\n<ul class=\"wp-block-list\">\n<li><a href=\"http:\/\/educate.poa.ifrs.edu.br\/index.php\/lancador-com-servo-motor-b\/\" data-type=\"page\" data-id=\"32\">Alavanca com Servo Motor (B)<\/a><\/li>\n\n\n\n<li><a href=\"http:\/\/educate.poa.ifrs.edu.br\/?page_id=38\" data-type=\"page\" data-id=\"38\">Lan\u00e7ador de Avi\u00f5es (B)<\/a><\/li>\n<\/ul>\n<\/li>\n\n\n\n<li><strong>Som, M\u00fasica e Comunica\u00e7\u00e3o<\/strong>\n<ul class=\"wp-block-list\">\n<li><a href=\"http:\/\/educate.poa.ifrs.edu.br\/?page_id=53\" data-type=\"page\" data-id=\"53\">C\u00f3digo Morse (B)<\/a><\/li>\n\n\n\n<li><a href=\"http:\/\/educate.poa.ifrs.edu.br\/?page_id=69\" data-type=\"page\" data-id=\"69\">Piano Eletr\u00f4nico (B)<\/a><\/li>\n<\/ul>\n<\/li>\n\n\n\n<li><strong>Automa\u00e7\u00e3o, Sensores e Casas Inteligentes<\/strong>\n<ul class=\"wp-block-list\">\n<li><a href=\"http:\/\/educate.poa.ifrs.edu.br\/?page_id=42\" data-type=\"page\" data-id=\"42\">Casa Automatizada (B)<\/a><\/li>\n\n\n\n<li><a href=\"http:\/\/educate.poa.ifrs.edu.br\/?page_id=46\" data-type=\"page\" data-id=\"46\">Carro Solar (B)<\/a><\/li>\n\n\n\n<li><a href=\"http:\/\/educate.poa.ifrs.edu.br\/?page_id=58\" data-type=\"page\" data-id=\"58\">Janela Autom\u00e1tica (B)<\/a><\/li>\n\n\n\n<li><a href=\"http:\/\/educate.poa.ifrs.edu.br\/?page_id=64\" data-type=\"page\" data-id=\"64\">Port\u00e3o com Controle (B)<\/a><\/li>\n<\/ul>\n<\/li>\n<\/ul>\n<\/div>\n<\/div>\n<\/div>\n<\/div>\n<\/div>\n\n\n\n<h2 class=\"wp-block-heading\"><strong>Graus de complexidade das atividades<\/strong><\/h2>\n\n\n\n<p>As atividades do portal foram organizadas por \u00c1rea do Conhecimento e por tecnologia, mas o aspecto mais importante \u00e9 a sua flexibilidade. Cada projeto possui graus de complexidade distintos, e cabe aos professores analisar o n\u00edvel de sua turma para decidir a profundidade com que cada proposta ser\u00e1 aplicada. Essa abordagem est\u00e1 alinhada com as ideias de Wak (2014) que, em seu artigo &#8220;A complexidade aplicada \u00e0 educa\u00e7\u00e3o&#8221;, discute como a rob\u00f3tica educacional pode ser usada para ajudar os alunos a desenvolverem habilidades de resolu\u00e7\u00e3o de problemas e pensamento cr\u00edtico.<\/p>\n\n\n\n<h2 class=\"wp-block-heading\"><strong>A escalabilidade de um projeto<\/strong><\/h2>\n\n\n\n<p>Os projetos tecnol\u00f3gicos s\u00e3o desenhados para serem escalon\u00e1veis, adaptando-se a diferentes realidades. Um projeto simples como acender um LED, por exemplo, pode ter abordagens completamente distintas:<\/p>\n\n\n\n<ul class=\"wp-block-list\">\n<li><strong>Nos Anos Iniciais:<\/strong> O foco recai sobre o contexto interdisciplinar. O LED pode ser usado para criar a l\u00e2mpada de uma maquete residencial ou para representar a luminesc\u00eancia de um vaga-lume. Aqui, a explora\u00e7\u00e3o aprofunda as correla\u00e7\u00f5es do projeto com a aplica\u00e7\u00e3o pr\u00e1tica, como a conscientiza\u00e7\u00e3o sobre economia de energia e outros temas pertinentes.<\/li>\n\n\n\n<li><strong>No Ensino M\u00e9dio:<\/strong> O mesmo projeto, com os mesmos componentes, ganha novos n\u00edveis de profundidade. Os estudantes podem desenvolver uma programa\u00e7\u00e3o mais refinada para controlar o LED e conectar o projeto a compet\u00eancias de F\u00edsica, explorando o funcionamento do circuito el\u00e9trico e como o conceito de resist\u00eancia se aplica em uma rede residencial.<\/li>\n<\/ul>\n\n\n\n<h2 class=\"wp-block-heading\"><strong>A tecnologia como meio, n\u00e3o como fim<\/strong><\/h2>\n\n\n\n<p>Seja nos Anos Iniciais ou no Ensino M\u00e9dio, o princ\u00edpio \u00e9 o mesmo: a tecnologia n\u00e3o \u00e9 o objetivo final, mas sim um meio para alcan\u00e7\u00e1-lo. O verdadeiro motivador \u00e9 a explora\u00e7\u00e3o das tem\u00e1ticas de forma mais atrativa e pr\u00e1tica para os estudantes.<\/p>\n\n\n\n<p>A ideia de que as mesmas ferramentas podem ser usadas em diferentes n\u00edveis de complexidade \u00e9 corroborada por M. A. Hearst (Ano) em sua tese de doutorado &#8220;Rob\u00f3tica educacional: graus de complexidade em diferentes anos&#8221;, na qual examina como as atividades de rob\u00f3tica podem ser adaptadas para diferentes faixas et\u00e1rias.<\/p>\n\n\n\n<h2 class=\"wp-block-heading\"><strong>Empoderando educadores<\/strong><\/h2>\n\n\n\n<p>N\u00e3o podemos, e nem devemos, esperar que os professores se formem em engenharia ou \u00e1reas afins para ministrar atividades com projetos tecnol\u00f3gicos. Nesse sentido, a estrutura de nosso acervo foi pensada para servir como um subs\u00eddio pr\u00e1tico, oferecendo os recursos necess\u00e1rios para que educadores de todas as forma\u00e7\u00f5es se sintam seguros e capacitados para aplicar esses projetos em sala de aula.<\/p>\n","protected":false},"excerpt":{"rendered":"<p>Este espa\u00e7o \u00e9 dedicado a transformar a teoria em pr\u00e1tica por meio de projetos de rob\u00f3tica educacional que engajam, inspiram e desenvolvem habilidades essenciais para o s\u00e9culo XXI. Sabemos que a jornada para integrar tecnologias em sala de aula possui diferentes caminhos e desafios. Por isso, cada atividade foi cuidadosamente estruturada em duas abordagens complementares, [&hellip;]<\/p>\n","protected":false},"author":2,"featured_media":0,"parent":0,"menu_order":0,"comment_status":"closed","ping_status":"closed","template":"","meta":{"footnotes":""},"class_list":["post-23","page","type-page","status-publish","hentry"],"_links":{"self":[{"href":"http:\/\/educate.poa.ifrs.edu.br\/index.php\/wp-json\/wp\/v2\/pages\/23","targetHints":{"allow":["GET"]}}],"collection":[{"href":"http:\/\/educate.poa.ifrs.edu.br\/index.php\/wp-json\/wp\/v2\/pages"}],"about":[{"href":"http:\/\/educate.poa.ifrs.edu.br\/index.php\/wp-json\/wp\/v2\/types\/page"}],"author":[{"embeddable":true,"href":"http:\/\/educate.poa.ifrs.edu.br\/index.php\/wp-json\/wp\/v2\/users\/2"}],"replies":[{"embeddable":true,"href":"http:\/\/educate.poa.ifrs.edu.br\/index.php\/wp-json\/wp\/v2\/comments?post=23"}],"version-history":[{"count":4,"href":"http:\/\/educate.poa.ifrs.edu.br\/index.php\/wp-json\/wp\/v2\/pages\/23\/revisions"}],"predecessor-version":[{"id":77,"href":"http:\/\/educate.poa.ifrs.edu.br\/index.php\/wp-json\/wp\/v2\/pages\/23\/revisions\/77"}],"wp:attachment":[{"href":"http:\/\/educate.poa.ifrs.edu.br\/index.php\/wp-json\/wp\/v2\/media?parent=23"}],"curies":[{"name":"wp","href":"https:\/\/api.w.org\/{rel}","templated":true}]}}