{"id":12,"date":"2025-09-30T09:23:45","date_gmt":"2025-09-30T12:23:45","guid":{"rendered":"http:\/\/educate.poa.ifrs.edu.br\/?page_id=12"},"modified":"2025-11-04T11:38:55","modified_gmt":"2025-11-04T14:38:55","slug":"sobre","status":"publish","type":"page","link":"http:\/\/educate.poa.ifrs.edu.br\/index.php\/sobre\/","title":{"rendered":"Sobre"},"content":{"rendered":"\n<p>Este portal comp\u00f5em a pesquisa de disserta\u00e7\u00e3o que investiga se um reposit\u00f3rio de atividades tecnol\u00f3gicas \u00e9 capaz de promover o uso de kit de rob\u00f3tica educacional intuitivo e amig\u00e1vel,&nbsp;<em>SmartMotors<\/em>, por parte de docentes a fim de fomentar a aprendizagem criativa nos Anos Iniciais da educa\u00e7\u00e3o b\u00e1sica, mais especificamente nos 4\u00ba e 5\u00ba anos.<\/p>\n\n\n\n<p>A relev\u00e2ncia deste estudo reside na necessidade de oferecer aos professores ferramentas e recursos para a integra\u00e7\u00e3o de tecnologias digitais na sala de aula, promovendo o desenvolvimento de habilidades como pensamento cr\u00edtico, resolu\u00e7\u00e3o de problemas e colabora\u00e7\u00e3o.<\/p>\n\n\n\n<p><strong>Origem<\/strong><\/p>\n\n\n\n<p>O Portal Educa-TE (https:\/\/educate.poa.ifrs.edu.br) \u00e9 um portal que conta com atividades tecnol\u00f3gicas, tutoriais, recursos complementares e que se constitui como o artefato central de uma pesquisa de Mestrado Profissional em Inform\u00e1tica na Educa\u00e7\u00e3o (MPIE).<\/p>\n\n\n\n<p>Desenvolvido no Instituto Federal de Educa\u00e7\u00e3o, Ci\u00eancia e Tecnologia do Rio Grande do Sul (IFRS) \u2013 Campus Porto Alegre, o portal \u00e9 o produto do trabalho de conclus\u00e3o de curso intitulado &#8220;Portal de atividades da aprendizagem criativa para uso de SmartMotors na educa\u00e7\u00e3o b\u00e1sica nos anos iniciais&#8221;. O estudo, finalizado em Porto Alegre, RS, em 2025, investigou a capacidade de um acervo de atividades em promover o uso de tecnologias digitais de forma mais segura e aut\u00f4noma por parte de docentes.<\/p>\n\n\n\n<p><strong>Prop\u00f3sito e Foco<\/strong><\/p>\n\n\n\n<p>O principal objetivo do portal \u00e9 facilitar e estimular a utiliza\u00e7\u00e3o de SmartMotors (um kit de rob\u00f3tica educacional de c\u00f3digo aberto e baixo custo) e outros recursos tecnol\u00f3gicos, atrav\u00e9s de propostas modulares que unificam saberes e fomentam a Aprendizagem Criativa nos Anos Iniciais da Educa\u00e7\u00e3o B\u00e1sica. O Portal Educa-TE busca oferecer uma estrutura organizada para atender \u00e0s necessidades heterog\u00eaneas de forma\u00e7\u00e3o de professores e educadores, oferecendo materiais did\u00e1ticos e t\u00e9cnicos (Material dos Educadores e Material dos Professores).<\/p>\n\n\n\n<p><strong>Autoria e Orienta\u00e7\u00e3o<\/strong><\/p>\n\n\n\n<p>O Portal Educa-TE e a disserta\u00e7\u00e3o que lhe deu origem foram desenvolvidos por:<\/p>\n\n\n\n<p>\u2022 <strong>Guilherme Bilhalva<\/strong> (Mestrando do Programa de P\u00f3s-Gradua\u00e7\u00e3o em Inform\u00e1tica na Educa\u00e7\u00e3o &#8211; MPIE\/IFRS).<\/p>\n\n\n\n<p>\u2022 <strong>Professor Doutor Marcelo Augusto Rauh Schmitt<\/strong> (Orientador).<\/p>\n\n\n\n<p>\u2022 <strong>Professor Doutor Andr\u00e9 Peres<\/strong> (Coorientador).<\/p>\n","protected":false},"excerpt":{"rendered":"<p>Este portal comp\u00f5em a pesquisa de disserta\u00e7\u00e3o que investiga se um reposit\u00f3rio de atividades tecnol\u00f3gicas \u00e9 capaz de promover o uso de kit de rob\u00f3tica educacional intuitivo e amig\u00e1vel,&nbsp;SmartMotors, por parte de docentes a fim de fomentar a aprendizagem criativa nos Anos Iniciais da educa\u00e7\u00e3o b\u00e1sica, mais especificamente nos 4\u00ba e 5\u00ba anos. A relev\u00e2ncia [&hellip;]<\/p>\n","protected":false},"author":2,"featured_media":0,"parent":0,"menu_order":0,"comment_status":"closed","ping_status":"closed","template":"","meta":{"footnotes":""},"class_list":["post-12","page","type-page","status-publish","hentry"],"_links":{"self":[{"href":"http:\/\/educate.poa.ifrs.edu.br\/index.php\/wp-json\/wp\/v2\/pages\/12","targetHints":{"allow":["GET"]}}],"collection":[{"href":"http:\/\/educate.poa.ifrs.edu.br\/index.php\/wp-json\/wp\/v2\/pages"}],"about":[{"href":"http:\/\/educate.poa.ifrs.edu.br\/index.php\/wp-json\/wp\/v2\/types\/page"}],"author":[{"embeddable":true,"href":"http:\/\/educate.poa.ifrs.edu.br\/index.php\/wp-json\/wp\/v2\/users\/2"}],"replies":[{"embeddable":true,"href":"http:\/\/educate.poa.ifrs.edu.br\/index.php\/wp-json\/wp\/v2\/comments?post=12"}],"version-history":[{"count":3,"href":"http:\/\/educate.poa.ifrs.edu.br\/index.php\/wp-json\/wp\/v2\/pages\/12\/revisions"}],"predecessor-version":[{"id":121,"href":"http:\/\/educate.poa.ifrs.edu.br\/index.php\/wp-json\/wp\/v2\/pages\/12\/revisions\/121"}],"wp:attachment":[{"href":"http:\/\/educate.poa.ifrs.edu.br\/index.php\/wp-json\/wp\/v2\/media?parent=12"}],"curies":[{"name":"wp","href":"https:\/\/api.w.org\/{rel}","templated":true}]}}