{"id":11,"date":"2025-09-30T09:22:48","date_gmt":"2025-09-30T12:22:48","guid":{"rendered":"http:\/\/educate.poa.ifrs.edu.br\/?page_id=11"},"modified":"2025-09-30T09:22:48","modified_gmt":"2025-09-30T12:22:48","slug":"espaco-de-partilhas","status":"publish","type":"page","link":"http:\/\/educate.poa.ifrs.edu.br\/index.php\/espaco-de-partilhas\/","title":{"rendered":"Espa\u00e7o de Partilhas"},"content":{"rendered":"\n<p>Ol\u00e1, colegas!<\/p>\n\n\n\n<p>Acreditamos que a troca de experi\u00eancias \u00e9 essencial para o desenvolvimento de um ensino de Tecnologia inovador e eficaz. Este formul\u00e1rio foi criado para que possamos compartilhar nossas melhores pr\u00e1ticas, atividades e experimentos, e juntos aprimorar o conte\u00fado do nosso site. Contamos com sua participa\u00e7\u00e3o!<br><br>Dispon\u00edvel neste link:<br><a href=\"https:\/\/forms.gle\/P7mDwQVgJH2xzo8BA\">https:\/\/forms.gle\/P7mDwQVgJH2xzo8BA<\/a><\/p>\n\n\n\n<p><\/p>\n\n\n\n<div class=\"wp-block-comments\">\t<div id=\"respond\" class=\"comment-respond wp-block-post-comments-form\">\n\t\t<h3 id=\"reply-title\" class=\"comment-reply-title\">Deixe um coment\u00e1rio <small><a rel=\"nofollow\" id=\"cancel-comment-reply-link\" href=\"\/index.php\/wp-json\/wp\/v2\/pages\/11#respond\" style=\"display:none;\">Cancelar resposta<\/a><\/small><\/h3><form action=\"http:\/\/educate.poa.ifrs.edu.br\/wp-comments-post.php\" method=\"post\" id=\"commentform\" class=\"comment-form\"><p class=\"comment-notes\"><span id=\"email-notes\">O seu endere\u00e7o de e-mail n\u00e3o ser\u00e1 publicado.<\/span> <span class=\"required-field-message\">Campos obrigat\u00f3rios s\u00e3o marcados com <span class=\"required\">*<\/span><\/span><\/p><p class=\"comment-form-comment\"><label for=\"comment\">Coment\u00e1rio <span class=\"required\">*<\/span><\/label> <textarea id=\"comment\" name=\"comment\" cols=\"45\" rows=\"8\" maxlength=\"65525\" required><\/textarea><\/p><p class=\"comment-form-author\"><label for=\"author\">Nome <span class=\"required\">*<\/span><\/label> <input id=\"author\" name=\"author\" type=\"text\" value=\"\" size=\"30\" maxlength=\"245\" autocomplete=\"name\" required \/><\/p>\n<p class=\"comment-form-email\"><label for=\"email\">E-mail <span class=\"required\">*<\/span><\/label> <input id=\"email\" name=\"email\" type=\"email\" value=\"\" size=\"30\" maxlength=\"100\" aria-describedby=\"email-notes\" autocomplete=\"email\" required \/><\/p>\n<p class=\"comment-form-url\"><label for=\"url\">Site<\/label> <input id=\"url\" name=\"url\" type=\"url\" value=\"\" size=\"30\" maxlength=\"200\" autocomplete=\"url\" \/><\/p>\n<p class=\"comment-form-cookies-consent\"><input id=\"wp-comment-cookies-consent\" name=\"wp-comment-cookies-consent\" type=\"checkbox\" value=\"yes\" \/> <label for=\"wp-comment-cookies-consent\">Salvar meus dados neste navegador para a pr\u00f3xima vez que eu comentar.<\/label><\/p>\n<p class=\"form-submit wp-block-button\"><input name=\"submit\" type=\"submit\" id=\"submit\" class=\"wp-block-button__link wp-element-button\" value=\"Publicar coment\u00e1rio\" \/> <input type='hidden' name='comment_post_ID' value='11' id='comment_post_ID' \/>\n<input type='hidden' name='comment_parent' id='comment_parent' value='0' \/>\n<\/p><\/form>\t<\/div><!-- #respond -->\n\t<\/div>\n","protected":false},"excerpt":{"rendered":"<p>Ol\u00e1, colegas! Acreditamos que a troca de experi\u00eancias \u00e9 essencial para o desenvolvimento de um ensino de Tecnologia inovador e eficaz. Este formul\u00e1rio foi criado para que possamos compartilhar nossas melhores pr\u00e1ticas, atividades e experimentos, e juntos aprimorar o conte\u00fado do nosso site. Contamos com sua participa\u00e7\u00e3o! Dispon\u00edvel neste link:https:\/\/forms.gle\/P7mDwQVgJH2xzo8BA<\/p>\n","protected":false},"author":2,"featured_media":0,"parent":0,"menu_order":0,"comment_status":"open","ping_status":"closed","template":"","meta":{"footnotes":""},"class_list":["post-11","page","type-page","status-publish","hentry"],"_links":{"self":[{"href":"http:\/\/educate.poa.ifrs.edu.br\/index.php\/wp-json\/wp\/v2\/pages\/11","targetHints":{"allow":["GET"]}}],"collection":[{"href":"http:\/\/educate.poa.ifrs.edu.br\/index.php\/wp-json\/wp\/v2\/pages"}],"about":[{"href":"http:\/\/educate.poa.ifrs.edu.br\/index.php\/wp-json\/wp\/v2\/types\/page"}],"author":[{"embeddable":true,"href":"http:\/\/educate.poa.ifrs.edu.br\/index.php\/wp-json\/wp\/v2\/users\/2"}],"replies":[{"embeddable":true,"href":"http:\/\/educate.poa.ifrs.edu.br\/index.php\/wp-json\/wp\/v2\/comments?post=11"}],"version-history":[{"count":1,"href":"http:\/\/educate.poa.ifrs.edu.br\/index.php\/wp-json\/wp\/v2\/pages\/11\/revisions"}],"predecessor-version":[{"id":20,"href":"http:\/\/educate.poa.ifrs.edu.br\/index.php\/wp-json\/wp\/v2\/pages\/11\/revisions\/20"}],"wp:attachment":[{"href":"http:\/\/educate.poa.ifrs.edu.br\/index.php\/wp-json\/wp\/v2\/media?parent=11"}],"curies":[{"name":"wp","href":"https:\/\/api.w.org\/{rel}","templated":true}]}}